{"id":6050,"date":"2019-10-30T08:05:01","date_gmt":"2019-10-30T08:05:01","guid":{"rendered":"https:\/\/maxdreyconsultants.com\/?page_id=6050"},"modified":"2026-03-29T11:30:57","modified_gmt":"2026-03-29T11:30:57","slug":"datenschutz","status":"publish","type":"page","link":"https:\/\/maxdreyconsultants.com\/de\/datenschutz\/","title":{"rendered":"Datenschutz"},"content":{"rendered":"\t\t<div data-elementor-type=\"wp-page\" data-elementor-id=\"6050\" class=\"elementor elementor-6050 elementor-28\">\n\t\t\t\t        <section class=\"elementor-section elementor-top-section elementor-element elementor-element-53e9f59 elementor-section-content-middle elementor-section-boxed elementor-section-height-default elementor-section-height-default ct-header-fixed-none ct-row-max-none\" data-id=\"53e9f59\" data-element_type=\"section\" data-e-type=\"section\">\n            \n                        <div class=\"elementor-container elementor-column-gap-extended \">\n                    <div class=\"elementor-column elementor-col-50 elementor-top-column elementor-element elementor-element-2d122fa\" data-id=\"2d122fa\" data-element_type=\"column\" data-e-type=\"column\">\n        <div class=\"elementor-widget-wrap elementor-element-populated\">\n                    \n        \r\n\t\t<div class=\"elementor-element elementor-element-a1dc510 elementor-widget elementor-widget-ct_heading\" data-id=\"a1dc510\" data-element_type=\"widget\" data-e-type=\"widget\" data-widget_type=\"ct_heading.default\">\n\t\t\t\t<div class=\"elementor-widget-container\">\n\t\t\t\t\t<div id=\"ct_heading-a1dc510\" class=\"ct-heading h-align- sub-style1 ct-heading-left item-st-default\">\r\n    <div class=\"ct-item--inner\">\r\n        <div class=\"ct-inline-css\" data-css=\"\r\n            \">\r\n        <\/div>\r\n                    <div class=\"item--sub-title style1 show-line\">\r\n                                                                Maxdrey Consultants                                                                            <\/div>\r\n                <h3 class=\"item--title st-default case-animate-time\" data-wow-delay=\"ms\">\r\n                        <span class=\"sp-main\">\r\n                \r\n                Datenschutz\r\n                \r\n                            <\/span>\r\n                    <\/h3>\r\n    <\/div>\r\n<\/div>\t\t\t\t<\/div>\n\t\t\t\t<\/div>\n\t\t            <\/div>\n        <\/div>\n                <div class=\"elementor-column elementor-col-50 elementor-top-column elementor-element elementor-element-603daca\" data-id=\"603daca\" data-element_type=\"column\" data-e-type=\"column\">\n        <div class=\"elementor-widget-wrap elementor-element-populated\">\n                    \n        \t\t<div class=\"elementor-element elementor-element-3d3ffe8 elementor-widget elementor-widget-text-editor\" data-id=\"3d3ffe8\" data-element_type=\"widget\" data-e-type=\"widget\" data-widget_type=\"text-editor.default\">\n\t\t\t\t\t\t\t\t\t<p>Die Nutzung unserer Website ist in der Regel ohne Angabe personenbezogener Daten m\u00f6glich. Sofern auf unseren Seiten personenbezogene Daten erhoben werden (zum Beispiel Name, Anschrift oder E-Mail-Adresse), erfolgt dies soweit m\u00f6glich stets auf freiwilliger Basis. Diese Daten werden ohne Ihre ausdr\u00fcckliche Zustimmung nicht an Dritte weitergegeben.<\/p><p>Wir weisen darauf hin, dass die Daten\u00fcbertragung im Internet (zum Beispiel bei der Kommunikation per E-Mail) Sicherheitsl\u00fccken aufweisen kann. Ein l\u00fcckenloser Schutz der Daten vor dem Zugriff durch Dritte ist nicht m\u00f6glich.<\/p><p>Der Nutzung der im Rahmen der Impressumspflicht ver\u00f6ffentlichten Kontaktdaten durch Dritte zur \u00dcbersendung von nicht ausdr\u00fccklich angeforderter Werbung und Informationsmaterialien wird hiermit ausdr\u00fccklich widersprochen. Die Betreiber der Seiten behalten sich rechtliche Schritte im Falle der unverlangten Zusendung von Werbeinformationen, etwa durch Spam-E-Mails, ausdr\u00fccklich vor.<\/p>\t\t\t\t\t\t\t\t<\/div>\n\t\t            <\/div>\n        <\/div>\n                    <\/div>\n        <\/section>\n        \t\t<\/div>\n\t\t","protected":false},"excerpt":{"rendered":"<p>Die Nutzung unserer Website ist in der Regel ohne Angabe personenbezogener Daten m\u00f6glich. Sofern auf unseren Seiten personenbezogene Daten erhoben werden (zum Beispiel Name, Anschrift oder E-Mail-Adresse), erfolgt dies soweit m\u00f6glich stets auf freiwilliger Basis. Diese Daten werden ohne Ihre ausdr\u00fcckliche Zustimmung nicht an Dritte weitergegeben. Wir weisen darauf hin, dass die Daten\u00fcbertragung im Internet [&hellip;]<\/p>\n","protected":false},"author":1,"featured_media":0,"parent":0,"menu_order":0,"comment_status":"closed","ping_status":"closed","template":"","meta":{"footnotes":""},"class_list":["post-6050","page","type-page","status-publish","hentry"],"yoast_head":"<!-- This site is optimized with the Yoast SEO plugin v27.2 - https:\/\/yoast.com\/product\/yoast-seo-wordpress\/ -->\n<title>Datenschutz - Maxdrey Consultants<\/title>\n<meta name=\"robots\" content=\"index, follow, max-snippet:-1, max-image-preview:large, max-video-preview:-1\" \/>\n<link rel=\"canonical\" href=\"https:\/\/maxdreyconsultants.com\/de\/datenschutz\/\" \/>\n<meta property=\"og:locale\" content=\"de_DE\" \/>\n<meta property=\"og:type\" content=\"article\" \/>\n<meta property=\"og:title\" content=\"Datenschutz - Maxdrey Consultants\" \/>\n<meta property=\"og:description\" content=\"Die Nutzung unserer Website ist in der Regel ohne Angabe personenbezogener Daten m\u00f6glich. Sofern auf unseren Seiten personenbezogene Daten erhoben werden (zum Beispiel Name, Anschrift oder E-Mail-Adresse), erfolgt dies soweit m\u00f6glich stets auf freiwilliger Basis. Diese Daten werden ohne Ihre ausdr\u00fcckliche Zustimmung nicht an Dritte weitergegeben. Wir weisen darauf hin, dass die Daten\u00fcbertragung im Internet [&hellip;]\" \/>\n<meta property=\"og:url\" content=\"https:\/\/maxdreyconsultants.com\/de\/datenschutz\/\" \/>\n<meta property=\"og:site_name\" content=\"Maxdrey Consultants\" \/>\n<meta property=\"article:modified_time\" content=\"2026-03-29T11:30:57+00:00\" \/>\n<meta name=\"twitter:card\" content=\"summary_large_image\" \/>\n<meta name=\"twitter:label1\" content=\"Gesch\u00e4tzte Lesezeit\" \/>\n\t<meta name=\"twitter:data1\" content=\"1\u00a0Minute\" \/>\n<script type=\"application\/ld+json\" class=\"yoast-schema-graph\">{\"@context\":\"https:\/\/schema.org\",\"@graph\":[{\"@type\":\"WebPage\",\"@id\":\"https:\/\/maxdreyconsultants.com\/de\/datenschutz\/\",\"url\":\"https:\/\/maxdreyconsultants.com\/de\/datenschutz\/\",\"name\":\"Datenschutz - Maxdrey Consultants\",\"isPartOf\":{\"@id\":\"https:\/\/maxdreyconsultants.com\/#website\"},\"datePublished\":\"2019-10-30T08:05:01+00:00\",\"dateModified\":\"2026-03-29T11:30:57+00:00\",\"breadcrumb\":{\"@id\":\"https:\/\/maxdreyconsultants.com\/de\/datenschutz\/#breadcrumb\"},\"inLanguage\":\"de\",\"potentialAction\":[{\"@type\":\"ReadAction\",\"target\":[\"https:\/\/maxdreyconsultants.com\/de\/datenschutz\/\"]}]},{\"@type\":\"BreadcrumbList\",\"@id\":\"https:\/\/maxdreyconsultants.com\/de\/datenschutz\/#breadcrumb\",\"itemListElement\":[{\"@type\":\"ListItem\",\"position\":1,\"name\":\"Home\",\"item\":\"https:\/\/maxdreyconsultants.com\/de\/\"},{\"@type\":\"ListItem\",\"position\":2,\"name\":\"Datenschutz\"}]},{\"@type\":\"WebSite\",\"@id\":\"https:\/\/maxdreyconsultants.com\/#website\",\"url\":\"https:\/\/maxdreyconsultants.com\/\",\"name\":\"Maxdrey Consultants\",\"description\":\"\",\"publisher\":{\"@id\":\"https:\/\/maxdreyconsultants.com\/#organization\"},\"potentialAction\":[{\"@type\":\"SearchAction\",\"target\":{\"@type\":\"EntryPoint\",\"urlTemplate\":\"https:\/\/maxdreyconsultants.com\/?s={search_term_string}\"},\"query-input\":{\"@type\":\"PropertyValueSpecification\",\"valueRequired\":true,\"valueName\":\"search_term_string\"}}],\"inLanguage\":\"de\"},{\"@type\":\"Organization\",\"@id\":\"https:\/\/maxdreyconsultants.com\/#organization\",\"name\":\"Maxdrey Consultants\",\"url\":\"https:\/\/maxdreyconsultants.com\/\",\"logo\":{\"@type\":\"ImageObject\",\"inLanguage\":\"de\",\"@id\":\"https:\/\/maxdreyconsultants.com\/#\/schema\/logo\/image\/\",\"url\":\"https:\/\/maxdreyconsultants.com\/wp-content\/uploads\/2019\/10\/logo-maxdrey-scaled.png\",\"contentUrl\":\"https:\/\/maxdreyconsultants.com\/wp-content\/uploads\/2019\/10\/logo-maxdrey-scaled.png\",\"width\":2560,\"height\":753,\"caption\":\"Maxdrey Consultants\"},\"image\":{\"@id\":\"https:\/\/maxdreyconsultants.com\/#\/schema\/logo\/image\/\"}}]}<\/script>\n<!-- \/ Yoast SEO plugin. -->","yoast_head_json":{"title":"Datenschutz - Maxdrey Consultants","robots":{"index":"index","follow":"follow","max-snippet":"max-snippet:-1","max-image-preview":"max-image-preview:large","max-video-preview":"max-video-preview:-1"},"canonical":"https:\/\/maxdreyconsultants.com\/de\/datenschutz\/","og_locale":"de_DE","og_type":"article","og_title":"Datenschutz - Maxdrey Consultants","og_description":"Die Nutzung unserer Website ist in der Regel ohne Angabe personenbezogener Daten m\u00f6glich. Sofern auf unseren Seiten personenbezogene Daten erhoben werden (zum Beispiel Name, Anschrift oder E-Mail-Adresse), erfolgt dies soweit m\u00f6glich stets auf freiwilliger Basis. Diese Daten werden ohne Ihre ausdr\u00fcckliche Zustimmung nicht an Dritte weitergegeben. Wir weisen darauf hin, dass die Daten\u00fcbertragung im Internet [&hellip;]","og_url":"https:\/\/maxdreyconsultants.com\/de\/datenschutz\/","og_site_name":"Maxdrey Consultants","article_modified_time":"2026-03-29T11:30:57+00:00","twitter_card":"summary_large_image","twitter_misc":{"Gesch\u00e4tzte Lesezeit":"1\u00a0Minute"},"schema":{"@context":"https:\/\/schema.org","@graph":[{"@type":"WebPage","@id":"https:\/\/maxdreyconsultants.com\/de\/datenschutz\/","url":"https:\/\/maxdreyconsultants.com\/de\/datenschutz\/","name":"Datenschutz - Maxdrey Consultants","isPartOf":{"@id":"https:\/\/maxdreyconsultants.com\/#website"},"datePublished":"2019-10-30T08:05:01+00:00","dateModified":"2026-03-29T11:30:57+00:00","breadcrumb":{"@id":"https:\/\/maxdreyconsultants.com\/de\/datenschutz\/#breadcrumb"},"inLanguage":"de","potentialAction":[{"@type":"ReadAction","target":["https:\/\/maxdreyconsultants.com\/de\/datenschutz\/"]}]},{"@type":"BreadcrumbList","@id":"https:\/\/maxdreyconsultants.com\/de\/datenschutz\/#breadcrumb","itemListElement":[{"@type":"ListItem","position":1,"name":"Home","item":"https:\/\/maxdreyconsultants.com\/de\/"},{"@type":"ListItem","position":2,"name":"Datenschutz"}]},{"@type":"WebSite","@id":"https:\/\/maxdreyconsultants.com\/#website","url":"https:\/\/maxdreyconsultants.com\/","name":"Maxdrey Consultants","description":"","publisher":{"@id":"https:\/\/maxdreyconsultants.com\/#organization"},"potentialAction":[{"@type":"SearchAction","target":{"@type":"EntryPoint","urlTemplate":"https:\/\/maxdreyconsultants.com\/?s={search_term_string}"},"query-input":{"@type":"PropertyValueSpecification","valueRequired":true,"valueName":"search_term_string"}}],"inLanguage":"de"},{"@type":"Organization","@id":"https:\/\/maxdreyconsultants.com\/#organization","name":"Maxdrey Consultants","url":"https:\/\/maxdreyconsultants.com\/","logo":{"@type":"ImageObject","inLanguage":"de","@id":"https:\/\/maxdreyconsultants.com\/#\/schema\/logo\/image\/","url":"https:\/\/maxdreyconsultants.com\/wp-content\/uploads\/2019\/10\/logo-maxdrey-scaled.png","contentUrl":"https:\/\/maxdreyconsultants.com\/wp-content\/uploads\/2019\/10\/logo-maxdrey-scaled.png","width":2560,"height":753,"caption":"Maxdrey Consultants"},"image":{"@id":"https:\/\/maxdreyconsultants.com\/#\/schema\/logo\/image\/"}}]}},"_hostinger_reach_plugin_has_subscription_block":false,"_hostinger_reach_plugin_is_elementor":false,"_links":{"self":[{"href":"https:\/\/maxdreyconsultants.com\/de\/wp-json\/wp\/v2\/pages\/6050","targetHints":{"allow":["GET"]}}],"collection":[{"href":"https:\/\/maxdreyconsultants.com\/de\/wp-json\/wp\/v2\/pages"}],"about":[{"href":"https:\/\/maxdreyconsultants.com\/de\/wp-json\/wp\/v2\/types\/page"}],"author":[{"embeddable":true,"href":"https:\/\/maxdreyconsultants.com\/de\/wp-json\/wp\/v2\/users\/1"}],"replies":[{"embeddable":true,"href":"https:\/\/maxdreyconsultants.com\/de\/wp-json\/wp\/v2\/comments?post=6050"}],"version-history":[{"count":0,"href":"https:\/\/maxdreyconsultants.com\/de\/wp-json\/wp\/v2\/pages\/6050\/revisions"}],"wp:attachment":[{"href":"https:\/\/maxdreyconsultants.com\/de\/wp-json\/wp\/v2\/media?parent=6050"}],"curies":[{"name":"wp","href":"https:\/\/api.w.org\/{rel}","templated":true}]}}