{"id":6049,"date":"2019-10-30T08:05:01","date_gmt":"2019-10-30T08:05:01","guid":{"rendered":"https:\/\/maxdreyconsultants.com\/?page_id=6049"},"modified":"2026-03-20T08:38:37","modified_gmt":"2026-03-20T08:38:37","slug":"proteccion-de-datos","status":"publish","type":"page","link":"https:\/\/maxdreyconsultants.com\/es\/proteccion-de-datos\/","title":{"rendered":"Protecci\u00f3n de datos"},"content":{"rendered":"\t\t<div data-elementor-type=\"wp-page\" data-elementor-id=\"6049\" class=\"elementor elementor-6049 elementor-28\">\n\t\t\t\t        <section class=\"elementor-section elementor-top-section elementor-element elementor-element-53e9f59 elementor-section-content-middle elementor-section-boxed elementor-section-height-default elementor-section-height-default ct-header-fixed-none ct-row-max-none\" data-id=\"53e9f59\" data-element_type=\"section\" data-e-type=\"section\">\n            \n                        <div class=\"elementor-container elementor-column-gap-extended \">\n                    <div class=\"elementor-column elementor-col-50 elementor-top-column elementor-element elementor-element-2d122fa\" data-id=\"2d122fa\" data-element_type=\"column\" data-e-type=\"column\">\n        <div class=\"elementor-widget-wrap elementor-element-populated\">\n                    \n        \r\n\t\t<div class=\"elementor-element elementor-element-a1dc510 elementor-widget elementor-widget-ct_heading\" data-id=\"a1dc510\" data-element_type=\"widget\" data-e-type=\"widget\" data-widget_type=\"ct_heading.default\">\n\t\t\t\t<div class=\"elementor-widget-container\">\n\t\t\t\t\t<div id=\"ct_heading-a1dc510\" class=\"ct-heading h-align- sub-style1 ct-heading-left item-st-default\">\r\n    <div class=\"ct-item--inner\">\r\n        <div class=\"ct-inline-css\" data-css=\"\r\n            \">\r\n        <\/div>\r\n                    <div class=\"item--sub-title style1 show-line\">\r\n                                                                Maxdrey Consultants                                                                            <\/div>\r\n                <h3 class=\"item--title st-default case-animate-time\" data-wow-delay=\"ms\">\r\n                        <span class=\"sp-main\">\r\n                \r\n                Protecci\u00f3n de datos\r\n                \r\n                            <\/span>\r\n                    <\/h3>\r\n    <\/div>\r\n<\/div>\t\t\t\t<\/div>\n\t\t\t\t<\/div>\n\t\t            <\/div>\n        <\/div>\n                <div class=\"elementor-column elementor-col-50 elementor-top-column elementor-element elementor-element-603daca\" data-id=\"603daca\" data-element_type=\"column\" data-e-type=\"column\">\n        <div class=\"elementor-widget-wrap elementor-element-populated\">\n                    \n        \t\t<div class=\"elementor-element elementor-element-3d3ffe8 elementor-widget elementor-widget-text-editor\" data-id=\"3d3ffe8\" data-element_type=\"widget\" data-e-type=\"widget\" data-widget_type=\"text-editor.default\">\n\t\t\t\t\t\t\t\t\tEl uso de nuestro sitio web suele ser posible sin proporcionar informaci\u00f3n personal. Se recopila la recopilaci\u00f3n de datos personales (por ejemplo, nombre, direcci\u00f3n o direcci\u00f3n de correo electr\u00f3nico), lo que es posible de forma voluntaria. Estos datos no est\u00e1n sin su consentimiento expreso.Se indica que la transmisi\u00f3n de datos a trav\u00e9s de Internet (por ejemplo, comunicaci\u00f3n v\u00eda correo electr\u00f3nico) puede tener lagunas de seguridad. Es imposible proteger completamente los datos contra el acceso no autorizado de terceros. El uso de la obligaci\u00f3n impresa por terceros de enviar anuncios no solicitados y materiales de informaci\u00f3n est\u00e1 expresamente prohibido. Los operadores de los sitios expresamente pasos legales en caso de informaci\u00f3n promocional no solicitada, como correos electr\u00f3nicos de spam.\t\t\t\t\t\t\t\t<\/div>\n\t\t            <\/div>\n        <\/div>\n                    <\/div>\n        <\/section>\n        \t\t<\/div>\n\t\t","protected":false},"excerpt":{"rendered":"<p>Maxdrey Consultants ################################################################################################################################################################################################################################################################ Protecci\u00f3n de datos \u25a0\/h3 t\u00edtulo Identificado El uso de nuestro sitio web suele ser posible sin proporcionar informaci\u00f3n personal. Se recopila la recopilaci\u00f3n de datos personales (por ejemplo, nombre, direcci\u00f3n o direcci\u00f3n de correo electr\u00f3nico), lo que es posible de forma voluntaria. Estos datos no est\u00e1n sin su consentimiento expreso.Se indica que [&hellip;]<\/p>\n","protected":false},"author":1,"featured_media":0,"parent":0,"menu_order":0,"comment_status":"closed","ping_status":"closed","template":"","meta":{"footnotes":""},"class_list":["post-6049","page","type-page","status-publish","hentry"],"yoast_head":"<!-- This site is optimized with the Yoast SEO plugin v27.2 - https:\/\/yoast.com\/product\/yoast-seo-wordpress\/ -->\n<title>Protecci\u00f3n de datos - Maxdrey Consultants<\/title>\n<meta name=\"robots\" content=\"index, follow, max-snippet:-1, max-image-preview:large, max-video-preview:-1\" \/>\n<link rel=\"canonical\" href=\"https:\/\/maxdreyconsultants.com\/es\/proteccion-de-datos\/\" \/>\n<meta property=\"og:locale\" content=\"es_ES\" \/>\n<meta property=\"og:type\" content=\"article\" \/>\n<meta property=\"og:title\" content=\"Protecci\u00f3n de datos - Maxdrey Consultants\" \/>\n<meta property=\"og:description\" content=\"Maxdrey Consultants ################################################################################################################################################################################################################################################################ Protecci\u00f3n de datos \u25a0\/h3 t\u00edtulo Identificado El uso de nuestro sitio web suele ser posible sin proporcionar informaci\u00f3n personal. Se recopila la recopilaci\u00f3n de datos personales (por ejemplo, nombre, direcci\u00f3n o direcci\u00f3n de correo electr\u00f3nico), lo que es posible de forma voluntaria. Estos datos no est\u00e1n sin su consentimiento expreso.Se indica que [&hellip;]\" \/>\n<meta property=\"og:url\" content=\"https:\/\/maxdreyconsultants.com\/es\/proteccion-de-datos\/\" \/>\n<meta property=\"og:site_name\" content=\"Maxdrey Consultants\" \/>\n<meta name=\"twitter:card\" content=\"summary_large_image\" \/>\n<meta name=\"twitter:label1\" content=\"Tiempo de lectura\" \/>\n\t<meta name=\"twitter:data1\" content=\"1 minuto\" \/>\n<script type=\"application\/ld+json\" class=\"yoast-schema-graph\">{\"@context\":\"https:\/\/schema.org\",\"@graph\":[{\"@type\":\"WebPage\",\"@id\":\"https:\/\/maxdreyconsultants.com\/es\/proteccion-de-datos\/\",\"url\":\"https:\/\/maxdreyconsultants.com\/es\/proteccion-de-datos\/\",\"name\":\"Protecci\u00f3n de datos - Maxdrey Consultants\",\"isPartOf\":{\"@id\":\"https:\/\/maxdreyconsultants.com\/#website\"},\"datePublished\":\"2019-10-30T08:05:01+00:00\",\"breadcrumb\":{\"@id\":\"https:\/\/maxdreyconsultants.com\/es\/proteccion-de-datos\/#breadcrumb\"},\"inLanguage\":\"es\",\"potentialAction\":[{\"@type\":\"ReadAction\",\"target\":[\"https:\/\/maxdreyconsultants.com\/es\/proteccion-de-datos\/\"]}]},{\"@type\":\"BreadcrumbList\",\"@id\":\"https:\/\/maxdreyconsultants.com\/es\/proteccion-de-datos\/#breadcrumb\",\"itemListElement\":[{\"@type\":\"ListItem\",\"position\":1,\"name\":\"Home\",\"item\":\"https:\/\/maxdreyconsultants.com\/es\/home\/\"},{\"@type\":\"ListItem\",\"position\":2,\"name\":\"Protecci\u00f3n de datos\"}]},{\"@type\":\"WebSite\",\"@id\":\"https:\/\/maxdreyconsultants.com\/#website\",\"url\":\"https:\/\/maxdreyconsultants.com\/\",\"name\":\"Maxdrey Consultants\",\"description\":\"\",\"publisher\":{\"@id\":\"https:\/\/maxdreyconsultants.com\/#organization\"},\"potentialAction\":[{\"@type\":\"SearchAction\",\"target\":{\"@type\":\"EntryPoint\",\"urlTemplate\":\"https:\/\/maxdreyconsultants.com\/?s={search_term_string}\"},\"query-input\":{\"@type\":\"PropertyValueSpecification\",\"valueRequired\":true,\"valueName\":\"search_term_string\"}}],\"inLanguage\":\"es\"},{\"@type\":\"Organization\",\"@id\":\"https:\/\/maxdreyconsultants.com\/#organization\",\"name\":\"Maxdrey Consultants\",\"url\":\"https:\/\/maxdreyconsultants.com\/\",\"logo\":{\"@type\":\"ImageObject\",\"inLanguage\":\"es\",\"@id\":\"https:\/\/maxdreyconsultants.com\/#\/schema\/logo\/image\/\",\"url\":\"https:\/\/maxdreyconsultants.com\/wp-content\/uploads\/2019\/10\/logo-maxdrey-scaled.png\",\"contentUrl\":\"https:\/\/maxdreyconsultants.com\/wp-content\/uploads\/2019\/10\/logo-maxdrey-scaled.png\",\"width\":2560,\"height\":753,\"caption\":\"Maxdrey Consultants\"},\"image\":{\"@id\":\"https:\/\/maxdreyconsultants.com\/#\/schema\/logo\/image\/\"}}]}<\/script>\n<!-- \/ Yoast SEO plugin. -->","yoast_head_json":{"title":"Protecci\u00f3n de datos - Maxdrey Consultants","robots":{"index":"index","follow":"follow","max-snippet":"max-snippet:-1","max-image-preview":"max-image-preview:large","max-video-preview":"max-video-preview:-1"},"canonical":"https:\/\/maxdreyconsultants.com\/es\/proteccion-de-datos\/","og_locale":"es_ES","og_type":"article","og_title":"Protecci\u00f3n de datos - Maxdrey Consultants","og_description":"Maxdrey Consultants ################################################################################################################################################################################################################################################################ Protecci\u00f3n de datos \u25a0\/h3 t\u00edtulo Identificado El uso de nuestro sitio web suele ser posible sin proporcionar informaci\u00f3n personal. Se recopila la recopilaci\u00f3n de datos personales (por ejemplo, nombre, direcci\u00f3n o direcci\u00f3n de correo electr\u00f3nico), lo que es posible de forma voluntaria. Estos datos no est\u00e1n sin su consentimiento expreso.Se indica que [&hellip;]","og_url":"https:\/\/maxdreyconsultants.com\/es\/proteccion-de-datos\/","og_site_name":"Maxdrey Consultants","twitter_card":"summary_large_image","twitter_misc":{"Tiempo de lectura":"1 minuto"},"schema":{"@context":"https:\/\/schema.org","@graph":[{"@type":"WebPage","@id":"https:\/\/maxdreyconsultants.com\/es\/proteccion-de-datos\/","url":"https:\/\/maxdreyconsultants.com\/es\/proteccion-de-datos\/","name":"Protecci\u00f3n de datos - Maxdrey Consultants","isPartOf":{"@id":"https:\/\/maxdreyconsultants.com\/#website"},"datePublished":"2019-10-30T08:05:01+00:00","breadcrumb":{"@id":"https:\/\/maxdreyconsultants.com\/es\/proteccion-de-datos\/#breadcrumb"},"inLanguage":"es","potentialAction":[{"@type":"ReadAction","target":["https:\/\/maxdreyconsultants.com\/es\/proteccion-de-datos\/"]}]},{"@type":"BreadcrumbList","@id":"https:\/\/maxdreyconsultants.com\/es\/proteccion-de-datos\/#breadcrumb","itemListElement":[{"@type":"ListItem","position":1,"name":"Home","item":"https:\/\/maxdreyconsultants.com\/es\/home\/"},{"@type":"ListItem","position":2,"name":"Protecci\u00f3n de datos"}]},{"@type":"WebSite","@id":"https:\/\/maxdreyconsultants.com\/#website","url":"https:\/\/maxdreyconsultants.com\/","name":"Maxdrey Consultants","description":"","publisher":{"@id":"https:\/\/maxdreyconsultants.com\/#organization"},"potentialAction":[{"@type":"SearchAction","target":{"@type":"EntryPoint","urlTemplate":"https:\/\/maxdreyconsultants.com\/?s={search_term_string}"},"query-input":{"@type":"PropertyValueSpecification","valueRequired":true,"valueName":"search_term_string"}}],"inLanguage":"es"},{"@type":"Organization","@id":"https:\/\/maxdreyconsultants.com\/#organization","name":"Maxdrey Consultants","url":"https:\/\/maxdreyconsultants.com\/","logo":{"@type":"ImageObject","inLanguage":"es","@id":"https:\/\/maxdreyconsultants.com\/#\/schema\/logo\/image\/","url":"https:\/\/maxdreyconsultants.com\/wp-content\/uploads\/2019\/10\/logo-maxdrey-scaled.png","contentUrl":"https:\/\/maxdreyconsultants.com\/wp-content\/uploads\/2019\/10\/logo-maxdrey-scaled.png","width":2560,"height":753,"caption":"Maxdrey Consultants"},"image":{"@id":"https:\/\/maxdreyconsultants.com\/#\/schema\/logo\/image\/"}}]}},"_hostinger_reach_plugin_has_subscription_block":false,"_hostinger_reach_plugin_is_elementor":false,"_links":{"self":[{"href":"https:\/\/maxdreyconsultants.com\/es\/wp-json\/wp\/v2\/pages\/6049","targetHints":{"allow":["GET"]}}],"collection":[{"href":"https:\/\/maxdreyconsultants.com\/es\/wp-json\/wp\/v2\/pages"}],"about":[{"href":"https:\/\/maxdreyconsultants.com\/es\/wp-json\/wp\/v2\/types\/page"}],"author":[{"embeddable":true,"href":"https:\/\/maxdreyconsultants.com\/es\/wp-json\/wp\/v2\/users\/1"}],"replies":[{"embeddable":true,"href":"https:\/\/maxdreyconsultants.com\/es\/wp-json\/wp\/v2\/comments?post=6049"}],"version-history":[{"count":0,"href":"https:\/\/maxdreyconsultants.com\/es\/wp-json\/wp\/v2\/pages\/6049\/revisions"}],"wp:attachment":[{"href":"https:\/\/maxdreyconsultants.com\/es\/wp-json\/wp\/v2\/media?parent=6049"}],"curies":[{"name":"wp","href":"https:\/\/api.w.org\/{rel}","templated":true}]}}