{"id":6475,"date":"2019-10-30T08:05:01","date_gmt":"2019-10-30T08:05:01","guid":{"rendered":"https:\/\/maxdreyconsultants.com\/protection-des-donnees\/"},"modified":"2026-04-04T19:10:32","modified_gmt":"2026-04-04T19:10:32","slug":"protection-des-donnees","status":"publish","type":"page","link":"https:\/\/maxdreyconsultants.com\/fr\/protection-des-donnees\/","title":{"rendered":"Protection des donn\u00e9es"},"content":{"rendered":"\t\t<div data-elementor-type=\"wp-page\" data-elementor-id=\"6475\" class=\"elementor elementor-6475 elementor-28\">\n\t\t\t\t        <section class=\"elementor-section elementor-top-section elementor-element elementor-element-53e9f59 elementor-section-content-middle elementor-section-boxed elementor-section-height-default elementor-section-height-default ct-header-fixed-none ct-row-max-none\" data-id=\"53e9f59\" data-element_type=\"section\" data-e-type=\"section\">\n            \n                        <div class=\"elementor-container elementor-column-gap-extended \">\n                    <div class=\"elementor-column elementor-col-50 elementor-top-column elementor-element elementor-element-2d122fa\" data-id=\"2d122fa\" data-element_type=\"column\" data-e-type=\"column\">\n        <div class=\"elementor-widget-wrap elementor-element-populated\">\n                    \n        \r\n\t\t<div class=\"elementor-element elementor-element-a1dc510 elementor-widget elementor-widget-ct_heading\" data-id=\"a1dc510\" data-element_type=\"widget\" data-e-type=\"widget\" data-widget_type=\"ct_heading.default\">\n\t\t\t\t<div class=\"elementor-widget-container\">\n\t\t\t\t\t<div id=\"ct_heading-a1dc510\" class=\"ct-heading h-align- sub-style1 ct-heading-left item-st-default\">\r\n    <div class=\"ct-item--inner\">\r\n        <div class=\"ct-inline-css\" data-css=\"\r\n            \">\r\n        <\/div>\r\n                    <div class=\"item--sub-title style1 show-line\">\r\n                                                                Maxdrey Consultants                                                                            <\/div>\r\n                <h3 class=\"item--title st-default case-animate-time\" data-wow-delay=\"ms\">\r\n                        <span class=\"sp-main\">\r\n                \r\n                Protection des donn\u00e9es\r\n                \r\n                            <\/span>\r\n                    <\/h3>\r\n    <\/div>\r\n<\/div>\t\t\t\t<\/div>\n\t\t\t\t<\/div>\n\t\t            <\/div>\n        <\/div>\n                <div class=\"elementor-column elementor-col-50 elementor-top-column elementor-element elementor-element-603daca\" data-id=\"603daca\" data-element_type=\"column\" data-e-type=\"column\">\n        <div class=\"elementor-widget-wrap elementor-element-populated\">\n                    \n        \t\t<div class=\"elementor-element elementor-element-3d3ffe8 elementor-widget elementor-widget-text-editor\" data-id=\"3d3ffe8\" data-element_type=\"widget\" data-e-type=\"widget\" data-widget_type=\"text-editor.default\">\n\t\t\t\t\t\t\t\t\t<p>L\u2019utilisation de notre site web est g\u00e9n\u00e9ralement possible sans fournir d\u2019informations personnelles. Si des donn\u00e9es personnelles (par exemple le nom, l\u2019adresse ou l\u2019adresse e-mail) sont collect\u00e9es, cela se fait, dans la mesure du possible, sur une base volontaire. Ces donn\u00e9es ne seront pas transmises sans votre consentement expr\u00e8s.<\/p><p>Nous attirons votre attention sur le fait que la transmission de donn\u00e9es sur Internet (par exemple la communication par e-mail) peut pr\u00e9senter des failles de s\u00e9curit\u00e9. Une protection compl\u00e8te des donn\u00e9es contre l\u2019acc\u00e8s non autoris\u00e9 par des tiers est impossible.<\/p><p>L\u2019utilisation par des tiers des donn\u00e9es publi\u00e9es dans le cadre de l\u2019obligation de mentions l\u00e9gales pour l\u2019envoi de publicit\u00e9s et de documents d\u2019information non sollicit\u00e9s est express\u00e9ment interdite. Les exploitants des sites se r\u00e9servent express\u00e9ment le droit d\u2019engager des poursuites judiciaires en cas d\u2019envoi d\u2019informations promotionnelles non sollicit\u00e9es, telles que des e-mails de spam.<\/p>\t\t\t\t\t\t\t\t<\/div>\n\t\t            <\/div>\n        <\/div>\n                    <\/div>\n        <\/section>\n        \t\t<\/div>\n\t\t","protected":false},"excerpt":{"rendered":"<p>Maxdrey Consultants Protection des donn\u00e9es L\u2019utilisation de notre site web est g\u00e9n\u00e9ralement possible sans fournir d\u2019informations personnelles. Si des donn\u00e9es personnelles (par exemple le nom, l\u2019adresse ou l\u2019adresse e-mail) sont collect\u00e9es, cela se fait, dans la mesure du possible, sur une base volontaire. Ces donn\u00e9es ne seront pas transmises sans votre consentement expr\u00e8s. Nous attirons [&hellip;]<\/p>\n","protected":false},"author":1,"featured_media":0,"parent":0,"menu_order":0,"comment_status":"closed","ping_status":"closed","template":"","meta":{"footnotes":""},"class_list":["post-6475","page","type-page","status-publish","hentry"],"yoast_head":"<!-- This site is optimized with the Yoast SEO plugin v27.2 - https:\/\/yoast.com\/product\/yoast-seo-wordpress\/ -->\n<title>Protection des donn\u00e9es - Maxdrey Consultants<\/title>\n<meta name=\"robots\" content=\"index, follow, max-snippet:-1, max-image-preview:large, max-video-preview:-1\" \/>\n<link rel=\"canonical\" href=\"https:\/\/maxdreyconsultants.com\/fr\/protection-des-donnees\/\" \/>\n<meta property=\"og:locale\" content=\"fr_FR\" \/>\n<meta property=\"og:type\" content=\"article\" \/>\n<meta property=\"og:title\" content=\"Protection des donn\u00e9es - Maxdrey Consultants\" \/>\n<meta property=\"og:description\" content=\"Maxdrey Consultants Protection des donn\u00e9es L\u2019utilisation de notre site web est g\u00e9n\u00e9ralement possible sans fournir d\u2019informations personnelles. Si des donn\u00e9es personnelles (par exemple le nom, l\u2019adresse ou l\u2019adresse e-mail) sont collect\u00e9es, cela se fait, dans la mesure du possible, sur une base volontaire. Ces donn\u00e9es ne seront pas transmises sans votre consentement expr\u00e8s. Nous attirons [&hellip;]\" \/>\n<meta property=\"og:url\" content=\"https:\/\/maxdreyconsultants.com\/fr\/protection-des-donnees\/\" \/>\n<meta property=\"og:site_name\" content=\"Maxdrey Consultants\" \/>\n<meta property=\"article:modified_time\" content=\"2026-04-04T19:10:32+00:00\" \/>\n<meta name=\"twitter:card\" content=\"summary_large_image\" \/>\n<meta name=\"twitter:label1\" content=\"Dur\u00e9e de lecture estim\u00e9e\" \/>\n\t<meta name=\"twitter:data1\" content=\"1 minute\" \/>\n<script type=\"application\/ld+json\" class=\"yoast-schema-graph\">{\"@context\":\"https:\/\/schema.org\",\"@graph\":[{\"@type\":\"WebPage\",\"@id\":\"https:\/\/maxdreyconsultants.com\/fr\/protection-des-donnees\/\",\"url\":\"https:\/\/maxdreyconsultants.com\/fr\/protection-des-donnees\/\",\"name\":\"Protection des donn\u00e9es - Maxdrey Consultants\",\"isPartOf\":{\"@id\":\"https:\/\/maxdreyconsultants.com\/#website\"},\"datePublished\":\"2019-10-30T08:05:01+00:00\",\"dateModified\":\"2026-04-04T19:10:32+00:00\",\"breadcrumb\":{\"@id\":\"https:\/\/maxdreyconsultants.com\/fr\/protection-des-donnees\/#breadcrumb\"},\"inLanguage\":\"fr-FR\",\"potentialAction\":[{\"@type\":\"ReadAction\",\"target\":[\"https:\/\/maxdreyconsultants.com\/fr\/protection-des-donnees\/\"]}]},{\"@type\":\"BreadcrumbList\",\"@id\":\"https:\/\/maxdreyconsultants.com\/fr\/protection-des-donnees\/#breadcrumb\",\"itemListElement\":[{\"@type\":\"ListItem\",\"position\":1,\"name\":\"Home\",\"item\":\"https:\/\/maxdreyconsultants.com\/fr\/accueil\/\"},{\"@type\":\"ListItem\",\"position\":2,\"name\":\"Protection des donn\u00e9es\"}]},{\"@type\":\"WebSite\",\"@id\":\"https:\/\/maxdreyconsultants.com\/#website\",\"url\":\"https:\/\/maxdreyconsultants.com\/\",\"name\":\"Maxdrey Consultants\",\"description\":\"\",\"publisher\":{\"@id\":\"https:\/\/maxdreyconsultants.com\/#organization\"},\"potentialAction\":[{\"@type\":\"SearchAction\",\"target\":{\"@type\":\"EntryPoint\",\"urlTemplate\":\"https:\/\/maxdreyconsultants.com\/?s={search_term_string}\"},\"query-input\":{\"@type\":\"PropertyValueSpecification\",\"valueRequired\":true,\"valueName\":\"search_term_string\"}}],\"inLanguage\":\"fr-FR\"},{\"@type\":\"Organization\",\"@id\":\"https:\/\/maxdreyconsultants.com\/#organization\",\"name\":\"Maxdrey Consultants\",\"url\":\"https:\/\/maxdreyconsultants.com\/\",\"logo\":{\"@type\":\"ImageObject\",\"inLanguage\":\"fr-FR\",\"@id\":\"https:\/\/maxdreyconsultants.com\/#\/schema\/logo\/image\/\",\"url\":\"https:\/\/maxdreyconsultants.com\/wp-content\/uploads\/2019\/10\/logo-maxdrey-scaled.png\",\"contentUrl\":\"https:\/\/maxdreyconsultants.com\/wp-content\/uploads\/2019\/10\/logo-maxdrey-scaled.png\",\"width\":2560,\"height\":753,\"caption\":\"Maxdrey Consultants\"},\"image\":{\"@id\":\"https:\/\/maxdreyconsultants.com\/#\/schema\/logo\/image\/\"}}]}<\/script>\n<!-- \/ Yoast SEO plugin. -->","yoast_head_json":{"title":"Protection des donn\u00e9es - Maxdrey Consultants","robots":{"index":"index","follow":"follow","max-snippet":"max-snippet:-1","max-image-preview":"max-image-preview:large","max-video-preview":"max-video-preview:-1"},"canonical":"https:\/\/maxdreyconsultants.com\/fr\/protection-des-donnees\/","og_locale":"fr_FR","og_type":"article","og_title":"Protection des donn\u00e9es - Maxdrey Consultants","og_description":"Maxdrey Consultants Protection des donn\u00e9es L\u2019utilisation de notre site web est g\u00e9n\u00e9ralement possible sans fournir d\u2019informations personnelles. Si des donn\u00e9es personnelles (par exemple le nom, l\u2019adresse ou l\u2019adresse e-mail) sont collect\u00e9es, cela se fait, dans la mesure du possible, sur une base volontaire. Ces donn\u00e9es ne seront pas transmises sans votre consentement expr\u00e8s. Nous attirons [&hellip;]","og_url":"https:\/\/maxdreyconsultants.com\/fr\/protection-des-donnees\/","og_site_name":"Maxdrey Consultants","article_modified_time":"2026-04-04T19:10:32+00:00","twitter_card":"summary_large_image","twitter_misc":{"Dur\u00e9e de lecture estim\u00e9e":"1 minute"},"schema":{"@context":"https:\/\/schema.org","@graph":[{"@type":"WebPage","@id":"https:\/\/maxdreyconsultants.com\/fr\/protection-des-donnees\/","url":"https:\/\/maxdreyconsultants.com\/fr\/protection-des-donnees\/","name":"Protection des donn\u00e9es - Maxdrey Consultants","isPartOf":{"@id":"https:\/\/maxdreyconsultants.com\/#website"},"datePublished":"2019-10-30T08:05:01+00:00","dateModified":"2026-04-04T19:10:32+00:00","breadcrumb":{"@id":"https:\/\/maxdreyconsultants.com\/fr\/protection-des-donnees\/#breadcrumb"},"inLanguage":"fr-FR","potentialAction":[{"@type":"ReadAction","target":["https:\/\/maxdreyconsultants.com\/fr\/protection-des-donnees\/"]}]},{"@type":"BreadcrumbList","@id":"https:\/\/maxdreyconsultants.com\/fr\/protection-des-donnees\/#breadcrumb","itemListElement":[{"@type":"ListItem","position":1,"name":"Home","item":"https:\/\/maxdreyconsultants.com\/fr\/accueil\/"},{"@type":"ListItem","position":2,"name":"Protection des donn\u00e9es"}]},{"@type":"WebSite","@id":"https:\/\/maxdreyconsultants.com\/#website","url":"https:\/\/maxdreyconsultants.com\/","name":"Maxdrey Consultants","description":"","publisher":{"@id":"https:\/\/maxdreyconsultants.com\/#organization"},"potentialAction":[{"@type":"SearchAction","target":{"@type":"EntryPoint","urlTemplate":"https:\/\/maxdreyconsultants.com\/?s={search_term_string}"},"query-input":{"@type":"PropertyValueSpecification","valueRequired":true,"valueName":"search_term_string"}}],"inLanguage":"fr-FR"},{"@type":"Organization","@id":"https:\/\/maxdreyconsultants.com\/#organization","name":"Maxdrey Consultants","url":"https:\/\/maxdreyconsultants.com\/","logo":{"@type":"ImageObject","inLanguage":"fr-FR","@id":"https:\/\/maxdreyconsultants.com\/#\/schema\/logo\/image\/","url":"https:\/\/maxdreyconsultants.com\/wp-content\/uploads\/2019\/10\/logo-maxdrey-scaled.png","contentUrl":"https:\/\/maxdreyconsultants.com\/wp-content\/uploads\/2019\/10\/logo-maxdrey-scaled.png","width":2560,"height":753,"caption":"Maxdrey Consultants"},"image":{"@id":"https:\/\/maxdreyconsultants.com\/#\/schema\/logo\/image\/"}}]}},"_hostinger_reach_plugin_has_subscription_block":false,"_hostinger_reach_plugin_is_elementor":false,"_links":{"self":[{"href":"https:\/\/maxdreyconsultants.com\/fr\/wp-json\/wp\/v2\/pages\/6475","targetHints":{"allow":["GET"]}}],"collection":[{"href":"https:\/\/maxdreyconsultants.com\/fr\/wp-json\/wp\/v2\/pages"}],"about":[{"href":"https:\/\/maxdreyconsultants.com\/fr\/wp-json\/wp\/v2\/types\/page"}],"author":[{"embeddable":true,"href":"https:\/\/maxdreyconsultants.com\/fr\/wp-json\/wp\/v2\/users\/1"}],"replies":[{"embeddable":true,"href":"https:\/\/maxdreyconsultants.com\/fr\/wp-json\/wp\/v2\/comments?post=6475"}],"version-history":[{"count":12,"href":"https:\/\/maxdreyconsultants.com\/fr\/wp-json\/wp\/v2\/pages\/6475\/revisions"}],"predecessor-version":[{"id":8360,"href":"https:\/\/maxdreyconsultants.com\/fr\/wp-json\/wp\/v2\/pages\/6475\/revisions\/8360"}],"wp:attachment":[{"href":"https:\/\/maxdreyconsultants.com\/fr\/wp-json\/wp\/v2\/media?parent=6475"}],"curies":[{"name":"wp","href":"https:\/\/api.w.org\/{rel}","templated":true}]}}