{"id":6566,"date":"2020-02-07T02:19:20","date_gmt":"2020-02-07T02:19:20","guid":{"rendered":"https:\/\/maxdreyconsultants.com\/contactez-nous\/"},"modified":"2026-03-29T09:33:23","modified_gmt":"2026-03-29T09:33:23","slug":"contactez-nous","status":"publish","type":"page","link":"https:\/\/maxdreyconsultants.com\/fr\/contactez-nous\/","title":{"rendered":"Contactez-nous"},"content":{"rendered":"\t\t<div data-elementor-type=\"wp-page\" data-elementor-id=\"6566\" class=\"elementor elementor-6566 elementor-3510\">\n\t\t\t\t        <section class=\"elementor-section elementor-top-section elementor-element elementor-element-1ef182c3 elementor-section-stretched elementor-section-boxed elementor-section-height-default elementor-section-height-default ct-header-fixed-none ct-row-max-none\" data-id=\"1ef182c3\" data-element_type=\"section\" data-e-type=\"section\" data-settings=\"{&quot;stretch_section&quot;:&quot;section-stretched&quot;,&quot;background_background&quot;:&quot;classic&quot;}\">\n                            <div class=\"elementor-background-overlay\"><\/div>\n                \n                        <div class=\"elementor-container elementor-column-gap-extended \">\n                    <div class=\"elementor-column elementor-col-100 elementor-top-column elementor-element elementor-element-566b9921\" data-id=\"566b9921\" data-element_type=\"column\" data-e-type=\"column\">\n        <div class=\"elementor-widget-wrap elementor-element-populated\">\n                    \n                <section class=\"elementor-section elementor-inner-section elementor-element elementor-element-4ef0cfbf elementor-section-content-middle elementor-section-boxed elementor-section-height-default elementor-section-height-default ct-header-fixed-none ct-row-max-none\" data-id=\"4ef0cfbf\" data-element_type=\"section\" data-e-type=\"section\">\n            \n                        <div class=\"elementor-container elementor-column-gap-extended \">\n                    <div class=\"elementor-column elementor-col-50 elementor-inner-column elementor-element elementor-element-7758a428\" data-id=\"7758a428\" data-element_type=\"column\" data-e-type=\"column\">\n        <div class=\"elementor-widget-wrap elementor-element-populated\">\n                    \n        \r\n\t\t<div class=\"elementor-element elementor-element-2df05f23 elementor-widget elementor-widget-ct_heading\" data-id=\"2df05f23\" data-element_type=\"widget\" data-e-type=\"widget\" data-widget_type=\"ct_heading.default\">\n\t\t\t\t<div class=\"elementor-widget-container\">\n\t\t\t\t\t<div id=\"ct_heading-2df05f23\" class=\"ct-heading h-align- sub- ct-heading-left item-st-line-left1\">\r\n    <div class=\"ct-item--inner\">\r\n        <div class=\"ct-inline-css\" data-css=\"\r\n            \">\r\n        <\/div>\r\n                <h3 class=\"item--title st-line-left1 wow wow fadeInLeft\" data-wow-delay=\"ms\">\r\n                        <span class=\"sp-main\">\r\n                                    <i><\/i>\r\n                \r\n                Contactez-nous pour tout type d\u2019aide et d\u2019information.\r\n                \r\n                            <\/span>\r\n                    <\/h3>\r\n    <\/div>\r\n<\/div>\t\t\t\t<\/div>\n\t\t\t\t<\/div>\n\t\t            <\/div>\n        <\/div>\n                <div class=\"elementor-column elementor-col-50 elementor-inner-column elementor-element elementor-element-63bcdcfc\" data-id=\"63bcdcfc\" data-element_type=\"column\" data-e-type=\"column\">\n        <div class=\"elementor-widget-wrap elementor-element-populated\">\n                    \n        \t\t<div class=\"elementor-element elementor-element-3c6d7533 wow fadeInRight elementor-widget elementor-widget-text-editor\" data-id=\"3c6d7533\" data-element_type=\"widget\" data-e-type=\"widget\" data-widget_type=\"text-editor.default\">\n\t\t\t\t\t\t\t\t\tNous serons ravis d\u2019analyser la situation de votre organisation. Contactez-nous \u00e0 l\u2019aide des coordonn\u00e9es ci-dessous ou envoyez-nous votre demande.\t\t\t\t\t\t\t\t<\/div>\n\t\t            <\/div>\n        <\/div>\n                    <\/div>\n        <\/section>\n                <section class=\"elementor-section elementor-inner-section elementor-element elementor-element-2fc27fd7 elementor-section-boxed elementor-section-height-default elementor-section-height-default ct-header-fixed-none ct-row-max-none\" data-id=\"2fc27fd7\" data-element_type=\"section\" data-e-type=\"section\">\n            \n                        <div class=\"elementor-container elementor-column-gap-extended \">\n                    <div class=\"elementor-column elementor-col-50 elementor-inner-column elementor-element elementor-element-37ecd392\" data-id=\"37ecd392\" data-element_type=\"column\" data-e-type=\"column\">\n        <div class=\"elementor-widget-wrap elementor-element-populated\">\n                    \n        \t\t<div class=\"elementor-element elementor-element-60636a70 elementor-widget elementor-widget-ct_fancy_box\" data-id=\"60636a70\" data-element_type=\"widget\" data-e-type=\"widget\" data-widget_type=\"ct_fancy_box.default\">\n\t\t\t\t<div class=\"elementor-widget-container\">\n\t\t\t\t\t<div class=\"ct-fancy-box ct-fancy-box-layout3 style1 wow fadeInUp\" data-wow-delay=\"ms\">\r\n            <div class=\"item--icon\">\r\n            <i aria-hidden=\"true\" class=\"fas fa-map-marker-alt\"><\/i>        <\/div>\r\n            <div class=\"item--holder\">\r\n        <h3 class=\"item--title\">\r\n            Adresse de notre si\u00e8ge social :        <\/h3>\r\n        <div class=\"item--description\">Jean Stas 27 B, 1060 Brussels.<\/div>\r\n    <\/div>\r\n<\/div>\t\t\t\t<\/div>\n\t\t\t\t<\/div>\n\t\t\t\t<div class=\"elementor-element elementor-element-18b7ca15 elementor-widget elementor-widget-ct_fancy_box\" data-id=\"18b7ca15\" data-element_type=\"widget\" data-e-type=\"widget\" data-widget_type=\"ct_fancy_box.default\">\n\t\t\t\t<div class=\"elementor-widget-container\">\n\t\t\t\t\t<div class=\"ct-fancy-box ct-fancy-box-layout3 style1 wow fadeInUp\" data-wow-delay=\"ms\">\r\n            <div class=\"item--icon\">\r\n            <i aria-hidden=\"true\" class=\"fas fa-phone-alt\"><\/i>        <\/div>\r\n            <div class=\"item--holder\">\r\n        <h3 class=\"item--title\">\r\n            Appelez-nous :        <\/h3>\r\n        <div class=\"item--description\">+49 171 7891917<br\/> \/ +34 603 141231<\/div>\r\n    <\/div>\r\n<\/div>\t\t\t\t<\/div>\n\t\t\t\t<\/div>\n\t\t\t\t<div class=\"elementor-element elementor-element-1b301a3e elementor-widget elementor-widget-ct_fancy_box\" data-id=\"1b301a3e\" data-element_type=\"widget\" data-e-type=\"widget\" data-widget_type=\"ct_fancy_box.default\">\n\t\t\t\t<div class=\"elementor-widget-container\">\n\t\t\t\t\t<div class=\"ct-fancy-box ct-fancy-box-layout3 style1 wow fadeInUp\" data-wow-delay=\"ms\">\r\n            <div class=\"item--icon\">\r\n            <i aria-hidden=\"true\" class=\"fas fa-envelope\"><\/i>        <\/div>\r\n            <div class=\"item--holder\">\r\n        <h3 class=\"item--title\">\r\n            \u00c9crivez-nous pour plus d\u2019informations        <\/h3>\r\n        <div class=\"item--description\">info@maxdreyconsultants.com<\/div>\r\n    <\/div>\r\n<\/div>\t\t\t\t<\/div>\n\t\t\t\t<\/div>\n\t\t            <\/div>\n        <\/div>\n                <div class=\"elementor-column elementor-col-50 elementor-inner-column elementor-element elementor-element-2c6b7216\" data-id=\"2c6b7216\" data-element_type=\"column\" data-e-type=\"column\">\n        <div class=\"elementor-widget-wrap elementor-element-populated\">\n                    \n        \t\t<div class=\"elementor-element elementor-element-0e28b32 elementor-widget elementor-widget-ct_ctf7\" data-id=\"0e28b32\" data-element_type=\"widget\" data-e-type=\"widget\" data-widget_type=\"ct_ctf7.default\">\n\t\t\t\t<div class=\"elementor-widget-container\">\n\t\t\t\t\t    <div class=\"ct-contact-form-layout1 style3 wow fadeInRight\">\r\n                <div class=\"ct-contact-form-inner\">\r\n        \t            <div class=\"ct-contact-form\">\r\n                \n<div class=\"wpcf7 no-js\" id=\"wpcf7-f6479-o1\" lang=\"fr-FR\" dir=\"ltr\" data-wpcf7-id=\"6479\">\n<div class=\"screen-reader-response\"><p role=\"status\" aria-live=\"polite\" aria-atomic=\"true\"><\/p> <ul><\/ul><\/div>\n<form action=\"\/fr\/wp-json\/wp\/v2\/pages\/6566#wpcf7-f6479-o1\" method=\"post\" class=\"wpcf7-form init cf7mls-no-scroll cf7mls-auto-return-first-step cf7mls-no-moving-animation\" aria-label=\"Formulaire de contact\" novalidate=\"novalidate\" data-status=\"init\">\n<fieldset class=\"hidden-fields-container\"><input type=\"hidden\" name=\"_wpcf7\" value=\"6479\" \/><input type=\"hidden\" name=\"_wpcf7_version\" value=\"6.1.5\" \/><input type=\"hidden\" name=\"_wpcf7_locale\" value=\"fr_FR\" \/><input type=\"hidden\" name=\"_wpcf7_unit_tag\" value=\"wpcf7-f6479-o1\" \/><input type=\"hidden\" name=\"_wpcf7_container_post\" value=\"0\" \/><input type=\"hidden\" name=\"_wpcf7_posted_data_hash\" value=\"\" \/><input type=\"hidden\" name=\"_wpcf7_recaptcha_response\" value=\"\" \/>\n<\/fieldset>\n<div class=\"input-filled\">\n\t<p><span class=\"wpcf7-form-control-wrap\" data-name=\"your-name\"><input size=\"40\" maxlength=\"400\" class=\"wpcf7-form-control wpcf7-text wpcf7-validates-as-required\" aria-required=\"true\" aria-invalid=\"false\" placeholder=\"Votre nom*\" value=\"\" type=\"text\" name=\"your-name\" \/><\/span>\n\t<\/p>\n<\/div>\n<div class=\"input-filled\">\n\t<p><span class=\"wpcf7-form-control-wrap\" data-name=\"your-email\"><input size=\"40\" maxlength=\"400\" class=\"wpcf7-form-control wpcf7-email wpcf7-validates-as-required wpcf7-text wpcf7-validates-as-email\" aria-required=\"true\" aria-invalid=\"false\" placeholder=\"Votre e-mail*\" value=\"\" type=\"email\" name=\"your-email\" \/><\/span>\n\t<\/p>\n<\/div>\n<div class=\"input-filled\">\n\t<p><span class=\"wpcf7-form-control-wrap\" data-name=\"your-phone\"><input size=\"40\" maxlength=\"400\" class=\"wpcf7-form-control wpcf7-text wpcf7-validates-as-required\" aria-required=\"true\" aria-invalid=\"false\" placeholder=\"T\u00e9l\u00e9phone*\" value=\"\" type=\"text\" name=\"your-phone\" \/><\/span>\n\t<\/p>\n<\/div>\n<p><span class=\"wpcf7-form-control-wrap\" data-name=\"textarea-55\"><textarea cols=\"40\" rows=\"10\" maxlength=\"1000\" class=\"wpcf7-form-control wpcf7-textarea wpcf7-validates-as-required\" aria-required=\"true\" aria-invalid=\"false\" placeholder=\"Sujets que vous souhaitez aborder\" name=\"textarea-55\"><\/textarea><\/span>\n<\/p>\n<div class=\"input-filled\">\n\t<p><button type=\"submit\" class=\"wpcf7-submit btn btn-block\"><i class=\"fac fac-check-circle space-right\"><\/i>Consultez aujourd'hui<\/button>\n\t<\/p>\n<\/div><div class=\"wpcf7-response-output\" aria-hidden=\"true\"><\/div>\n<\/form>\n<\/div>\n            <\/div>\r\n        <\/div>\r\n            <\/div>\r\n\t\t\t\t<\/div>\n\t\t\t\t<\/div>\n\t\t            <\/div>\n        <\/div>\n                    <\/div>\n        <\/section>\n                    <\/div>\n        <\/div>\n                    <\/div>\n        <\/section>\n                <section class=\"elementor-section elementor-top-section elementor-element elementor-element-dd756b3 elementor-section-stretched elementor-section-full_width elementor-section-height-default elementor-section-height-default ct-header-fixed-none ct-row-max-none\" data-id=\"dd756b3\" data-element_type=\"section\" data-e-type=\"section\" data-settings=\"{&quot;stretch_section&quot;:&quot;section-stretched&quot;}\">\n            \n                        <div class=\"elementor-container elementor-column-gap-no \">\n                    <div class=\"elementor-column elementor-col-100 elementor-top-column elementor-element elementor-element-eda45db\" data-id=\"eda45db\" data-element_type=\"column\" data-e-type=\"column\">\n        <div class=\"elementor-widget-wrap elementor-element-populated\">\n                    \n        \t\t<div class=\"elementor-element elementor-element-2d29b35 elementor-widget elementor-widget-google_maps\" data-id=\"2d29b35\" data-element_type=\"widget\" data-e-type=\"widget\" data-widget_type=\"google_maps.default\">\n\t\t\t\t\t\t\t<div class=\"elementor-custom-embed\">\n\t\t\t<iframe loading=\"lazy\"\n\t\t\t\t\tsrc=\"https:\/\/maps.google.com\/maps?q=London%20Eye%2C%20London%2C%20United%20Kingdom&#038;t=m&#038;z=10&#038;output=embed&#038;iwloc=near\"\n\t\t\t\t\ttitle=\"London Eye, London, United Kingdom\"\n\t\t\t\t\taria-label=\"London Eye, London, United Kingdom\"\n\t\t\t><\/iframe>\n\t\t<\/div>\n\t\t\t\t\t\t<\/div>\n\t\t            <\/div>\n        <\/div>\n                    <\/div>\n        <\/section>\n        \t\t<\/div>\n\t\t","protected":false},"excerpt":{"rendered":"<p>Contactez-nous pour tout type d\u2019aide et d\u2019information. Nous serons ravis d\u2019\u00e9changer sur la situation de votre organisation. Contactez-nous via les coordonn\u00e9es ci-dessous ou envoyez votre demande. Adresse de notre si\u00e8ge social : Jean Stas 27 B, 1060 Brussels. Appelez-nous : +49 171 7891917 \/ +34 603 141231 \u00c9crivez-nous pour plus d\u2019informations info@maxdreyconsultants.com Consultez aujourd&#8217;hui<\/p>\n","protected":false},"author":1,"featured_media":0,"parent":0,"menu_order":0,"comment_status":"closed","ping_status":"closed","template":"","meta":{"footnotes":""},"class_list":["post-6566","page","type-page","status-publish","hentry"],"yoast_head":"<!-- This site is optimized with the Yoast SEO plugin v27.2 - https:\/\/yoast.com\/product\/yoast-seo-wordpress\/ -->\n<title>Contactez-nous - Maxdrey Consultants<\/title>\n<meta name=\"robots\" content=\"index, follow, max-snippet:-1, max-image-preview:large, max-video-preview:-1\" \/>\n<link rel=\"canonical\" href=\"https:\/\/maxdreyconsultants.com\/fr\/contactez-nous\/\" \/>\n<meta property=\"og:locale\" content=\"fr_FR\" \/>\n<meta property=\"og:type\" content=\"article\" \/>\n<meta property=\"og:title\" content=\"Contactez-nous - Maxdrey Consultants\" \/>\n<meta property=\"og:description\" content=\"Contactez-nous pour tout type d\u2019aide et d\u2019information. Nous serons ravis d\u2019\u00e9changer sur la situation de votre organisation. Contactez-nous via les coordonn\u00e9es ci-dessous ou envoyez votre demande. Adresse de notre si\u00e8ge social : Jean Stas 27 B, 1060 Brussels. Appelez-nous : +49 171 7891917 \/ +34 603 141231 \u00c9crivez-nous pour plus d\u2019informations info@maxdreyconsultants.com Consultez aujourd&#8217;hui\" \/>\n<meta property=\"og:url\" content=\"https:\/\/maxdreyconsultants.com\/fr\/contactez-nous\/\" \/>\n<meta property=\"og:site_name\" content=\"Maxdrey Consultants\" \/>\n<meta property=\"article:modified_time\" content=\"2026-03-29T09:33:23+00:00\" \/>\n<meta name=\"twitter:card\" content=\"summary_large_image\" \/>\n<script type=\"application\/ld+json\" class=\"yoast-schema-graph\">{\"@context\":\"https:\/\/schema.org\",\"@graph\":[{\"@type\":\"WebPage\",\"@id\":\"https:\/\/maxdreyconsultants.com\/fr\/contactez-nous\/\",\"url\":\"https:\/\/maxdreyconsultants.com\/fr\/contactez-nous\/\",\"name\":\"Contactez-nous - Maxdrey Consultants\",\"isPartOf\":{\"@id\":\"https:\/\/maxdreyconsultants.com\/#website\"},\"datePublished\":\"2020-02-07T02:19:20+00:00\",\"dateModified\":\"2026-03-29T09:33:23+00:00\",\"breadcrumb\":{\"@id\":\"https:\/\/maxdreyconsultants.com\/fr\/contactez-nous\/#breadcrumb\"},\"inLanguage\":\"fr-FR\",\"potentialAction\":[{\"@type\":\"ReadAction\",\"target\":[\"https:\/\/maxdreyconsultants.com\/fr\/contactez-nous\/\"]}]},{\"@type\":\"BreadcrumbList\",\"@id\":\"https:\/\/maxdreyconsultants.com\/fr\/contactez-nous\/#breadcrumb\",\"itemListElement\":[{\"@type\":\"ListItem\",\"position\":1,\"name\":\"Home\",\"item\":\"https:\/\/maxdreyconsultants.com\/fr\/accueil\/\"},{\"@type\":\"ListItem\",\"position\":2,\"name\":\"Contacter nous\"}]},{\"@type\":\"WebSite\",\"@id\":\"https:\/\/maxdreyconsultants.com\/#website\",\"url\":\"https:\/\/maxdreyconsultants.com\/\",\"name\":\"Maxdrey Consultants\",\"description\":\"\",\"publisher\":{\"@id\":\"https:\/\/maxdreyconsultants.com\/#organization\"},\"potentialAction\":[{\"@type\":\"SearchAction\",\"target\":{\"@type\":\"EntryPoint\",\"urlTemplate\":\"https:\/\/maxdreyconsultants.com\/?s={search_term_string}\"},\"query-input\":{\"@type\":\"PropertyValueSpecification\",\"valueRequired\":true,\"valueName\":\"search_term_string\"}}],\"inLanguage\":\"fr-FR\"},{\"@type\":\"Organization\",\"@id\":\"https:\/\/maxdreyconsultants.com\/#organization\",\"name\":\"Maxdrey Consultants\",\"url\":\"https:\/\/maxdreyconsultants.com\/\",\"logo\":{\"@type\":\"ImageObject\",\"inLanguage\":\"fr-FR\",\"@id\":\"https:\/\/maxdreyconsultants.com\/#\/schema\/logo\/image\/\",\"url\":\"https:\/\/maxdreyconsultants.com\/wp-content\/uploads\/2019\/10\/logo-maxdrey-scaled.png\",\"contentUrl\":\"https:\/\/maxdreyconsultants.com\/wp-content\/uploads\/2019\/10\/logo-maxdrey-scaled.png\",\"width\":2560,\"height\":753,\"caption\":\"Maxdrey Consultants\"},\"image\":{\"@id\":\"https:\/\/maxdreyconsultants.com\/#\/schema\/logo\/image\/\"}}]}<\/script>\n<!-- \/ Yoast SEO plugin. -->","yoast_head_json":{"title":"Contactez-nous - Maxdrey Consultants","robots":{"index":"index","follow":"follow","max-snippet":"max-snippet:-1","max-image-preview":"max-image-preview:large","max-video-preview":"max-video-preview:-1"},"canonical":"https:\/\/maxdreyconsultants.com\/fr\/contactez-nous\/","og_locale":"fr_FR","og_type":"article","og_title":"Contactez-nous - Maxdrey Consultants","og_description":"Contactez-nous pour tout type d\u2019aide et d\u2019information. Nous serons ravis d\u2019\u00e9changer sur la situation de votre organisation. Contactez-nous via les coordonn\u00e9es ci-dessous ou envoyez votre demande. Adresse de notre si\u00e8ge social : Jean Stas 27 B, 1060 Brussels. Appelez-nous : +49 171 7891917 \/ +34 603 141231 \u00c9crivez-nous pour plus d\u2019informations info@maxdreyconsultants.com Consultez aujourd&#8217;hui","og_url":"https:\/\/maxdreyconsultants.com\/fr\/contactez-nous\/","og_site_name":"Maxdrey Consultants","article_modified_time":"2026-03-29T09:33:23+00:00","twitter_card":"summary_large_image","schema":{"@context":"https:\/\/schema.org","@graph":[{"@type":"WebPage","@id":"https:\/\/maxdreyconsultants.com\/fr\/contactez-nous\/","url":"https:\/\/maxdreyconsultants.com\/fr\/contactez-nous\/","name":"Contactez-nous - Maxdrey Consultants","isPartOf":{"@id":"https:\/\/maxdreyconsultants.com\/#website"},"datePublished":"2020-02-07T02:19:20+00:00","dateModified":"2026-03-29T09:33:23+00:00","breadcrumb":{"@id":"https:\/\/maxdreyconsultants.com\/fr\/contactez-nous\/#breadcrumb"},"inLanguage":"fr-FR","potentialAction":[{"@type":"ReadAction","target":["https:\/\/maxdreyconsultants.com\/fr\/contactez-nous\/"]}]},{"@type":"BreadcrumbList","@id":"https:\/\/maxdreyconsultants.com\/fr\/contactez-nous\/#breadcrumb","itemListElement":[{"@type":"ListItem","position":1,"name":"Home","item":"https:\/\/maxdreyconsultants.com\/fr\/accueil\/"},{"@type":"ListItem","position":2,"name":"Contacter nous"}]},{"@type":"WebSite","@id":"https:\/\/maxdreyconsultants.com\/#website","url":"https:\/\/maxdreyconsultants.com\/","name":"Maxdrey Consultants","description":"","publisher":{"@id":"https:\/\/maxdreyconsultants.com\/#organization"},"potentialAction":[{"@type":"SearchAction","target":{"@type":"EntryPoint","urlTemplate":"https:\/\/maxdreyconsultants.com\/?s={search_term_string}"},"query-input":{"@type":"PropertyValueSpecification","valueRequired":true,"valueName":"search_term_string"}}],"inLanguage":"fr-FR"},{"@type":"Organization","@id":"https:\/\/maxdreyconsultants.com\/#organization","name":"Maxdrey Consultants","url":"https:\/\/maxdreyconsultants.com\/","logo":{"@type":"ImageObject","inLanguage":"fr-FR","@id":"https:\/\/maxdreyconsultants.com\/#\/schema\/logo\/image\/","url":"https:\/\/maxdreyconsultants.com\/wp-content\/uploads\/2019\/10\/logo-maxdrey-scaled.png","contentUrl":"https:\/\/maxdreyconsultants.com\/wp-content\/uploads\/2019\/10\/logo-maxdrey-scaled.png","width":2560,"height":753,"caption":"Maxdrey Consultants"},"image":{"@id":"https:\/\/maxdreyconsultants.com\/#\/schema\/logo\/image\/"}}]}},"_hostinger_reach_plugin_has_subscription_block":false,"_hostinger_reach_plugin_is_elementor":false,"_links":{"self":[{"href":"https:\/\/maxdreyconsultants.com\/fr\/wp-json\/wp\/v2\/pages\/6566","targetHints":{"allow":["GET"]}}],"collection":[{"href":"https:\/\/maxdreyconsultants.com\/fr\/wp-json\/wp\/v2\/pages"}],"about":[{"href":"https:\/\/maxdreyconsultants.com\/fr\/wp-json\/wp\/v2\/types\/page"}],"author":[{"embeddable":true,"href":"https:\/\/maxdreyconsultants.com\/fr\/wp-json\/wp\/v2\/users\/1"}],"replies":[{"embeddable":true,"href":"https:\/\/maxdreyconsultants.com\/fr\/wp-json\/wp\/v2\/comments?post=6566"}],"version-history":[{"count":3,"href":"https:\/\/maxdreyconsultants.com\/fr\/wp-json\/wp\/v2\/pages\/6566\/revisions"}],"predecessor-version":[{"id":6818,"href":"https:\/\/maxdreyconsultants.com\/fr\/wp-json\/wp\/v2\/pages\/6566\/revisions\/6818"}],"wp:attachment":[{"href":"https:\/\/maxdreyconsultants.com\/fr\/wp-json\/wp\/v2\/media?parent=6566"}],"curies":[{"name":"wp","href":"https:\/\/api.w.org\/{rel}","templated":true}]}}